{"id":4024,"date":"2021-06-04T14:34:03","date_gmt":"2021-06-04T19:34:03","guid":{"rendered":"http:\/\/localhost\/ofimatica1\/?page_id=4024"},"modified":"2021-10-15T00:39:26","modified_gmt":"2021-10-15T05:39:26","slug":"la-empresa","status":"publish","type":"page","link":"https:\/\/ofimatica.pe\/ofimatica\/la-empresa\/","title":{"rendered":"Nosotros"},"content":{"rendered":"<p>[vc_row full_width=\u00bbstretch_row\u00bb css_animation=\u00bbfadeInDown\u00bb bg_type=\u00bbimage\u00bb parallax_style=\u00bbvcpb-default\u00bb bg_image_new=\u00bbid^4830|url^http:\/\/www.ofimatica.pe\/ofimatica\/wp-content\/uploads\/2021\/08\/ofimatica-cabecera-persona-cableado.jpg|caption^null|alt^null|title^ofimatica-cabecera-persona-cableado|description^null\u00bb bg_image_repeat=\u00bbno-repeat\u00bb bg_image_size=\u00bbinitial\u00bb enable_overlay=\u00bbenable_overlay_value\u00bb overlay_color=\u00bbrgba(50,65,101,0.64)\u00bb overlay_pattern=\u00bb07.png\u00bb seperator_enable=\u00bbseperator_enable_value\u00bb seperator_type=\u00bbtilt_left_seperator\u00bb seperator_position=\u00bbbottom_seperator\u00bb seperator_svg_height=\u00bb60&#8243; seperator_shape_background=\u00bb#ffffff\u00bb css=\u00bb.vc_custom_1633045174264{padding-top: 120px !important;padding-bottom: 120px !important;}\u00bb][vc_column]<div id=\"ultimate-heading-405869f5186c71a6e\" class=\"uvc-heading ult-adjust-bottom-margin ultimate-heading-405869f5186c71a6e uvc-8514  uvc-heading-default-font-sizes\" data-hspacer=\"no_spacer\"  data-halign=\"left\" style=\"text-align:left\"><div class=\"uvc-heading-spacer no_spacer\" style=\"top\"><\/div><div class=\"uvc-sub-heading ult-responsive\"  data-ultimate-target='.uvc-heading.ultimate-heading-405869f5186c71a6e .uvc-sub-heading '  data-responsive-json-new='{\"font-size\":\"desktop:30px;\",\"line-height\":\"\"}'  style=\"font-weight:normal;color:#ffffff;margin-bottom:10px;\">NUESTRA<\/div><\/div>[vc_custom_heading text=\u00bbEMPRESA\u00bb font_container=\u00bbtag:h1|font_size:50|text_align:left|color:%23ffffff|line_height:1&#8243; use_theme_fonts=\u00bbyes\u00bb css_animation=\u00bbfadeInLeft\u00bb][\/vc_column][\/vc_row][vc_row content_placement=\u00bbmiddle\u00bb css_animation=\u00bbfadeIn\u00bb bg_type=\u00bbgrad\u00bb bg_override=\u00bbfull\u00bb css=\u00bb.vc_custom_1624926539506{margin-top: 0px !important;padding-top: 0px !important;padding-bottom: 50px !important;}\u00bb bg_grad=\u00bbbackground: -webkit-gradient(linear, left top, left bottom, color-stop(0%, #FFFFFF), color-stop(31%, #FCFCFC), color-stop(61%, #F5F5F5), color-stop(97%, #F0F0F0));background: -moz-linear-gradient(top,#FFFFFF 0%,#FCFCFC 31%,#F5F5F5 61%,#F0F0F0 97%);background: -webkit-linear-gradient(top,#FFFFFF 0%,#FCFCFC 31%,#F5F5F5 61%,#F0F0F0 97%);background: -o-linear-gradient(top,#FFFFFF 0%,#FCFCFC 31%,#F5F5F5 61%,#F0F0F0 97%);background: -ms-linear-gradient(top,#FFFFFF 0%,#FCFCFC 31%,#F5F5F5 61%,#F0F0F0 97%);background: linear-gradient(top,#FFFFFF 0%,#FCFCFC 31%,#F5F5F5 61%,#F0F0F0 97%);\u00bb][vc_column width=\u00bb1\/2&#8243; css=\u00bb.vc_custom_1624762350340{margin-top: 0px !important;}\u00bb][vc_single_image image=\u00bb4025&#8243; img_size=\u00bb350&#215;344&#8243; alignment=\u00bbcenter\u00bb css_animation=\u00bbfadeInLeft\u00bb][\/vc_column][vc_column css_animation=\u00bbfadeInRightBig\u00bb width=\u00bb1\/2&#8243;]<div id=\"ultimate-heading-175969f5186c71a9c\" class=\"uvc-heading ult-adjust-bottom-margin ultimate-heading-175969f5186c71a9c uvc-6399 \" data-hspacer=\"no_spacer\"  data-halign=\"left\" style=\"text-align:left\"><div class=\"uvc-heading-spacer no_spacer\" style=\"top\"><\/div><div class=\"uvc-main-heading ult-responsive\"  data-ultimate-target='.uvc-heading.ultimate-heading-175969f5186c71a9c h3'  data-responsive-json-new='{\"font-size\":\"desktop:30px;\",\"line-height\":\"desktop:30px;\"}' ><h3 style=\"--font-weight:theme;color:#23304b;margin-bottom:20px;\">ACERCA DE<\/h3><\/div><div class=\"uvc-sub-heading ult-responsive\"  data-ultimate-target='.uvc-heading.ultimate-heading-175969f5186c71a9c .uvc-sub-heading '  data-responsive-json-new='{\"font-size\":\"desktop:55px;\",\"line-height\":\"\"}'  style=\"font-weight:bold;color:#23304b;margin-bottom:30px;\">NOSOTROS<\/div><\/div>[vc_column_text css_animation=\u00bbfadeInRight\u00bb]<\/p>\n<p style=\"text-align: justify; color: #7a7979; line-height: 30px; font-size: 1.4rem;\">Somos una empresa especializada en <i><b>Gesti\u00f3n, An\u00e1lisis y Soluciones Ti<\/b><\/i>. Las organizaciones pueden brindarnos toda su confianza para sacar el mejor provecho de sus inversiones en TI, gestionando grandes vol\u00famenes y variedad de datos que nos permite analizar informaci\u00f3n vital para mejorar la eficiencia de tus negocios.<\/p>\n<p>[\/vc_column_text][\/vc_column][\/vc_row][vc_row full_width=\u00bbstretch_row\u00bb css_animation=\u00bbfadeIn\u00bb bg_type=\u00bbbg_color\u00bb seperator_enable=\u00bbseperator_enable_value\u00bb seperator_type=\u00bbxlarge_triangle_seperator\u00bb seperator_position=\u00bbbottom_seperator\u00bb seperator_svg_height=\u00bb200&#8243; seperator_shape_background=\u00bb#ffffff\u00bb css=\u00bb.vc_custom_1624930903210{padding-top: 70px !important;padding-bottom: 150px !important;background-color: #23304b !important;}\u00bb bg_color_value=\u00bb#23304b\u00bb][vc_column width=\u00bb1\/2&#8243; css=\u00bb.vc_custom_1622846426112{padding-top: 65px !important;}\u00bb]<div id=\"ultimate-heading-513069f5186c71ab6\" class=\"uvc-heading ult-adjust-bottom-margin ultimate-heading-513069f5186c71ab6 uvc-4013 \" data-hspacer=\"no_spacer\"  data-halign=\"center\" style=\"text-align:center\"><div class=\"uvc-heading-spacer no_spacer\" style=\"top\"><\/div><div class=\"uvc-main-heading ult-responsive\"  data-ultimate-target='.uvc-heading.ultimate-heading-513069f5186c71ab6 h2'  data-responsive-json-new='{\"font-size\":\"desktop:40px;\",\"line-height\":\"desktop:100px;\"}' ><h2 style=\"font-style:italic;font-weight:bold;color:#ffffff;\">VISI\u00d3N<\/h2><\/div><\/div>[vc_column_text css_animation=\u00bbfadeInLeft\u00bb css=\u00bb.vc_custom_1624933450291{padding-bottom: -100px !important;}\u00bb]<\/p>\n<p style=\"text-align: center; color: #ffffff; line-height: 40px; font-size: 2rem;\">\u00bb Ser l\u00edderes en asesor\u00eda y apoyo tecnol\u00f3gico, para contribuir con un sano y constante desarrollo econ\u00f3mico.\u00bb<\/p>\n<p>[\/vc_column_text][\/vc_column][vc_column width=\u00bb1\/2&#8243; css=\u00bb.vc_custom_1575390841399{padding-bottom: 30px !important;}\u00bb][vc_single_image image=\u00bb4026&#8243; img_size=\u00bb350&#215;379&#8243; alignment=\u00bbcenter\u00bb css_animation=\u00bbfadeInRight\u00bb css=\u00bb.vc_custom_1624930891243{margin-top: -20px !important;}\u00bb][\/vc_column][\/vc_row][vc_row bg_type=\u00bbgrad\u00bb bg_override=\u00bbfull\u00bb css=\u00bb.vc_custom_1624932038202{padding-top: 0px !important;padding-bottom: 60px !important;}\u00bb bg_grad=\u00bbbackground: -webkit-gradient(linear, left top, left bottom, color-stop(23%, #FFFFFF), color-stop(45%, #F5F5F5), color-stop(75%, #FAFAFA), color-stop(100%, #EDEDED));background: -moz-linear-gradient(top,#FFFFFF 23%,#F5F5F5 45%,#FAFAFA 75%,#EDEDED 100%);background: -webkit-linear-gradient(top,#FFFFFF 23%,#F5F5F5 45%,#FAFAFA 75%,#EDEDED 100%);background: -o-linear-gradient(top,#FFFFFF 23%,#F5F5F5 45%,#FAFAFA 75%,#EDEDED 100%);background: -ms-linear-gradient(top,#FFFFFF 23%,#F5F5F5 45%,#FAFAFA 75%,#EDEDED 100%);background: linear-gradient(top,#FFFFFF 23%,#F5F5F5 45%,#FAFAFA 75%,#EDEDED 100%);\u00bb][vc_column width=\u00bb1\/2&#8243; css=\u00bb.vc_custom_1624930195973{margin-top: 0px !important;padding-top: 0px !important;}\u00bb][vc_single_image image=\u00bb4027&#8243; img_size=\u00bb350&#215;397&#8243; alignment=\u00bbcenter\u00bb css_animation=\u00bbfadeInLeft\u00bb][\/vc_column][vc_column width=\u00bb1\/2&#8243; css=\u00bb.vc_custom_1624930182142{margin-top: 0px !important;padding-top: 0px !important;}\u00bb]<div id=\"ultimate-heading-565169f5186c71aca\" class=\"uvc-heading ult-adjust-bottom-margin ultimate-heading-565169f5186c71aca uvc-180 \" data-hspacer=\"no_spacer\"  data-halign=\"center\" style=\"text-align:center\"><div class=\"uvc-heading-spacer no_spacer\" style=\"top\"><\/div><div class=\"uvc-main-heading ult-responsive\"  data-ultimate-target='.uvc-heading.ultimate-heading-565169f5186c71aca h2'  data-responsive-json-new='{\"font-size\":\"desktop:40px;\",\"line-height\":\"desktop:100px;\"}' ><h2 style=\"font-style:italic;font-weight:bold;color:#23304b;\">MISI\u00d3N<\/h2><\/div><\/div>[vc_column_text css_animation=\u00bbfadeInRight\u00bb]<\/p>\n<p style=\"text-align: center; color: #7a7979; line-height: 40px; font-size: 2rem;\">\u00abBrindar soluciones tecnol\u00f3gicas, estrat\u00e9gicas y organizativas a los problemas de negocio de nuestros clientes, a partir de una relaci\u00f3n de confianza y compromiso, orientadas a mejorar su competitividad.\u00bb<\/p>\n<p>[\/vc_column_text][\/vc_column][\/vc_row][vc_row full_width=\u00bbstretch_row\u00bb equal_height=\u00bbyes\u00bb content_placement=\u00bbtop\u00bb bg_type=\u00bbimage\u00bb parallax_style=\u00bbvcpb-vz-jquery\u00bb bg_image_new=\u00bbid^3970|url^http:\/\/localhost\/ofimatica1\/wp-content\/uploads\/2021\/05\/ofimatica-servicios-suscribete-2.png|caption^null|alt^null|title^ofimatica-servicios-suscribete|description^null\u00bb parallax_sense=\u00bb45&#8243; css=\u00bb.vc_custom_1629436172210{margin-top: 0px !important;padding-top: 0px !important;padding-bottom: 20px !important;}\u00bb][vc_column css_animation=\u00bbnone\u00bb width=\u00bb1\/2&#8243; css=\u00bb.vc_custom_1632505674460{margin-top: 0px !important;padding-top: 50px !important;padding-bottom: 30px !important;}\u00bb offset=\u00bbvc_col-lg-4 vc_col-md-4&#8243;][vc_single_image image=\u00bb4664&#8243; img_size=\u00bb350&#215;206&#8243; alignment=\u00bbcenter\u00bb css_animation=\u00bbfadeIn\u00bb lazy_loading=\u00bbtrue\u00bb el_id=\u00bbfooter_logo_ofimatica\u00bb css=\u00bb.vc_custom_1632505585171{margin-top: 0px !important;padding-top: 0px !important;}\u00bb]<style type=\"text\/css\" data-type=\"the7_shortcodes-inline-css\">.dt-shortcode-soc-icons.soc-icons-f879432a3e432e00d9eab986207f13ff a {\n  margin-right: 5px;\n}\n.dt-shortcode-soc-icons a.soc-icons-f879432a3e432e00d9eab986207f13ff {\n  margin-right: 5px;\n}\n.dt-shortcode-soc-icons a.soc-icons-f879432a3e432e00d9eab986207f13ff:last-child {\n  margin-right: 0;\n}\n.dt-shortcode-soc-icons a.soc-icons-f879432a3e432e00d9eab986207f13ff:before,\n.dt-shortcode-soc-icons a.soc-icons-f879432a3e432e00d9eab986207f13ff:after {\n  padding: inherit;\n}\n.dt-shortcode-soc-icons a.soc-icons-f879432a3e432e00d9eab986207f13ff.dt-icon-border-on:before {\n  border:  solid ;\n}\n.dt-shortcode-soc-icons a.soc-icons-f879432a3e432e00d9eab986207f13ff.dt-icon-hover-border-on:after {\n  border:  solid ;\n}\n<\/style><div class=\"dt-shortcode-soc-icons  soc-icons-f879432a3e432e00d9eab986207f13ff soc-icons-center \" ><style type=\"text\/css\" data-type=\"the7_shortcodes-inline-css\">.dt-shortcode-soc-icons a.single-soc-icon-6ef3e16a855ea9d411643ff8e398a431 {\n  min-width: 26px;\n  min-height: 26px;\n  font-size: 25px;\n  border-radius: 100px;\n}\n.dt-shortcode-soc-icons a.single-soc-icon-6ef3e16a855ea9d411643ff8e398a431:last-child {\n  margin-right: 0;\n}\n.dt-shortcode-soc-icons a.single-soc-icon-6ef3e16a855ea9d411643ff8e398a431:before,\n.dt-shortcode-soc-icons a.single-soc-icon-6ef3e16a855ea9d411643ff8e398a431:after {\n  min-width: 26px;\n  min-height: 26px;\n  padding: inherit;\n}\n.dt-shortcode-soc-icons a.single-soc-icon-6ef3e16a855ea9d411643ff8e398a431.dt-icon-border-on:before {\n  border: 2px solid #ffffff;\n}\n.dt-shortcode-soc-icons a.single-soc-icon-6ef3e16a855ea9d411643ff8e398a431.dt-icon-hover-border-on:after {\n  border: 2px solid #ffffff;\n}\n.dt-shortcode-soc-icons a.single-soc-icon-6ef3e16a855ea9d411643ff8e398a431:hover {\n  font-size: 25px;\n}\n#page .dt-shortcode-soc-icons a.single-soc-icon-6ef3e16a855ea9d411643ff8e398a431:hover .soc-font-icon,\n#phantom .dt-shortcode-soc-icons a.single-soc-icon-6ef3e16a855ea9d411643ff8e398a431:hover .soc-font-icon,\n#page .dt-shortcode-soc-icons a.single-soc-icon-6ef3e16a855ea9d411643ff8e398a431:hover .soc-icon,\n#phantom .dt-shortcode-soc-icons a.single-soc-icon-6ef3e16a855ea9d411643ff8e398a431:hover .soc-icon {\n  color: rgba(255,255,255,0.75);\n  background: none;\n}\n#page .dt-shortcode-soc-icons a.single-soc-icon-6ef3e16a855ea9d411643ff8e398a431:not(:hover) .soc-font-icon,\n#phantom .dt-shortcode-soc-icons a.single-soc-icon-6ef3e16a855ea9d411643ff8e398a431:not(:hover) .soc-font-icon,\n#page .dt-shortcode-soc-icons a.single-soc-icon-6ef3e16a855ea9d411643ff8e398a431:not(:hover) .soc-icon,\n#phantom .dt-shortcode-soc-icons a.single-soc-icon-6ef3e16a855ea9d411643ff8e398a431:not(:hover) .soc-icon {\n  color: #ffffff;\n  background: none;\n}\n.dt-shortcode-soc-icons a.single-soc-icon-6ef3e16a855ea9d411643ff8e398a431 .soc-font-icon,\n.dt-shortcode-soc-icons a.single-soc-icon-6ef3e16a855ea9d411643ff8e398a431 .soc-icon {\n  font-size: 25px;\n}\n<\/style><a title=\"\" href=\"#\" class=\"fab fa-linkedin-in single-soc-icon-6ef3e16a855ea9d411643ff8e398a431 dt-icon-bg-on dt-icon-border-on dt-icon-hover-border-on dt-icon-hover-bg-on  vc_custom_1626158659941 \" ><i class=\"soc-icon fab fa-linkedin-in\"><\/i><span class=\"screen-reader-text\"><\/span><\/a><style type=\"text\/css\" data-type=\"the7_shortcodes-inline-css\">.dt-shortcode-soc-icons a.single-soc-icon-3560f256354b99c0289978145f33b5d7 {\n  min-width: 26px;\n  min-height: 26px;\n  font-size: 25px;\n  border-radius: 100px;\n}\n.dt-shortcode-soc-icons a.single-soc-icon-3560f256354b99c0289978145f33b5d7:last-child {\n  margin-right: 0;\n}\n.dt-shortcode-soc-icons a.single-soc-icon-3560f256354b99c0289978145f33b5d7:before,\n.dt-shortcode-soc-icons a.single-soc-icon-3560f256354b99c0289978145f33b5d7:after {\n  min-width: 26px;\n  min-height: 26px;\n  padding: inherit;\n}\n.dt-shortcode-soc-icons a.single-soc-icon-3560f256354b99c0289978145f33b5d7.dt-icon-border-on:before {\n  border: 2px solid #ffffff;\n}\n.dt-shortcode-soc-icons a.single-soc-icon-3560f256354b99c0289978145f33b5d7.dt-icon-hover-border-on:after {\n  border: 2px solid #ffffff;\n}\n.dt-shortcode-soc-icons a.single-soc-icon-3560f256354b99c0289978145f33b5d7:hover {\n  font-size: 25px;\n}\n#page .dt-shortcode-soc-icons a.single-soc-icon-3560f256354b99c0289978145f33b5d7:hover .soc-font-icon,\n#phantom .dt-shortcode-soc-icons a.single-soc-icon-3560f256354b99c0289978145f33b5d7:hover .soc-font-icon,\n#page .dt-shortcode-soc-icons a.single-soc-icon-3560f256354b99c0289978145f33b5d7:hover .soc-icon,\n#phantom .dt-shortcode-soc-icons a.single-soc-icon-3560f256354b99c0289978145f33b5d7:hover .soc-icon {\n  color: rgba(255,255,255,0.75);\n  background: none;\n}\n#page .dt-shortcode-soc-icons a.single-soc-icon-3560f256354b99c0289978145f33b5d7:not(:hover) .soc-font-icon,\n#phantom .dt-shortcode-soc-icons a.single-soc-icon-3560f256354b99c0289978145f33b5d7:not(:hover) .soc-font-icon,\n#page .dt-shortcode-soc-icons a.single-soc-icon-3560f256354b99c0289978145f33b5d7:not(:hover) .soc-icon,\n#phantom .dt-shortcode-soc-icons a.single-soc-icon-3560f256354b99c0289978145f33b5d7:not(:hover) .soc-icon {\n  color: #ffffff;\n  background: none;\n}\n.dt-shortcode-soc-icons a.single-soc-icon-3560f256354b99c0289978145f33b5d7 .soc-font-icon,\n.dt-shortcode-soc-icons a.single-soc-icon-3560f256354b99c0289978145f33b5d7 .soc-icon {\n  font-size: 25px;\n}\n<\/style><a title=\"Facebook\" href=\"#\" class=\"facebook single-soc-icon-3560f256354b99c0289978145f33b5d7 dt-icon-bg-on dt-icon-border-on dt-icon-hover-border-on dt-icon-hover-bg-on  vc_custom_1626158122366 \" ><i class=\"soc-icon soc-font-icon dt-icon-facebook\"><\/i><span class=\"screen-reader-text\">Facebook<\/span><\/a><\/div>[\/vc_column][vc_column css_animation=\u00bbfadeInDownBig\u00bb width=\u00bb1\/2&#8243; css=\u00bb.vc_custom_1632505258099{padding-top: 50px !important;padding-bottom: 30px !important;}\u00bb offset=\u00bbvc_col-lg-4 vc_col-md-4&#8243;]<div id=\"ultimate-heading-476469f5186c71c6c\" class=\"uvc-heading ult-adjust-bottom-margin ultimate-heading-476469f5186c71c6c uvc-4013 \" data-hspacer=\"no_spacer\"  data-halign=\"left\" style=\"text-align:left\"><div class=\"uvc-heading-spacer no_spacer\" style=\"top\"><\/div><div class=\"uvc-main-heading ult-responsive\"  data-ultimate-target='.uvc-heading.ultimate-heading-476469f5186c71c6c h3'  data-responsive-json-new='{\"font-size\":\"desktop:30px;\",\"line-height\":\"\"}' ><h3 style=\"font-weight:bold;color:#ffffff;margin-bottom:20px;\">Servicios<\/h3><\/div><\/div><div class=\"smile_icon_list_wrap ult_info_list_container ult-adjust-bottom-margin  \"><ul class=\"smile_icon_list left square with_bg\"><li class=\"icon_list_item\" style=\" font-size:30px;\"><div class=\"icon_list_icon\" data-animation=\"\" data-animation-delay=\"03\" style=\"font-size:10px;border-width:1px;border-style:none;background:#23304b;color:#ffffff;border-color:#333333;\"><i class=\"icomoon-the7-font-the7-arrow-09\" ><\/i><\/div><div class=\"icon_description\" id=\"Info-list-wrap-7311\" style=\"font-size:10px;\"><div class=\"icon_description_text ult-responsive\"  data-ultimate-target='#Info-list-wrap-7311 .icon_description_text'  data-responsive-json-new='{\"font-size\":\"desktop:15px;\",\"line-height\":\"desktop:0px;\"}'  style=\"font-weight:bold;color:#ffffff;\"><p><a style=\"color: #ffffff; text-decoration: none;\" href=\"http:\/\/www.ofimatica.pe\/ofimatica\/?page_id=4141\">Mesa de Ayuda<\/a><\/p>\n<\/div><\/div><div class=\"icon_list_connector\"  style=\"border-right-width: 1px;border-right-style: dashed;border-color: #ffffff;\"><\/div><\/li><li class=\"icon_list_item\" style=\" font-size:30px;\"><div class=\"icon_list_icon\" data-animation=\"fadeInLeft\" data-animation-delay=\"03\" style=\"font-size:10px;border-width:1px;border-style:none;background:#23304b;color:#ffffff;border-color:#333333;\"><i class=\"icomoon-the7-font-the7-arrow-09\" ><\/i><\/div><div class=\"icon_description\" id=\"Info-list-wrap-3596\" style=\"font-size:10px;\"><div class=\"icon_description_text ult-responsive\"  data-ultimate-target='#Info-list-wrap-3596 .icon_description_text'  data-responsive-json-new='{\"font-size\":\"desktop:15px;\",\"line-height\":\"desktop:0px;\"}'  style=\"font-weight:bold;color:#ffffff;\"><p><a style=\"color: #ffffff; text-decoration: none;\" href=\"http:\/\/www.ofimatica.pe\/ofimatica\/?page_id=4189\">Hosting de correo corporativo<\/a><\/p>\n<\/div><\/div><div class=\"icon_list_connector\"  style=\"border-right-width: 1px;border-right-style: dashed;border-color: #ffffff;\"><\/div><\/li><li class=\"icon_list_item\" style=\" font-size:30px;\"><div class=\"icon_list_icon\" data-animation=\"fadeInLeft\" data-animation-delay=\"03\" style=\"font-size:10px;border-width:1px;border-style:none;background:#23304b;color:#ffffff;border-color:#333333;\"><i class=\"icomoon-the7-font-the7-arrow-09\" ><\/i><\/div><div class=\"icon_description\" id=\"Info-list-wrap-7690\" style=\"font-size:10px;\"><div class=\"icon_description_text ult-responsive\"  data-ultimate-target='#Info-list-wrap-7690 .icon_description_text'  data-responsive-json-new='{\"font-size\":\"desktop:15px;\",\"line-height\":\"desktop:0px;\"}'  style=\"font-weight:bold;color:#ffffff;\"><p><a style=\"color: #ffffff; text-decoration: none;\" href=\"http:\/\/www.ofimatica.pe\/ofimatica\/?page_id=4296\">Seguridad inform\u00e1tica<\/a><\/p>\n<\/div><\/div><div class=\"icon_list_connector\"  style=\"border-right-width: 1px;border-right-style: dashed;border-color: #ffffff;\"><\/div><\/li><li class=\"icon_list_item\" style=\" font-size:30px;\"><div class=\"icon_list_icon\" data-animation=\"fadeInLeft\" data-animation-delay=\"03\" style=\"font-size:10px;border-width:1px;border-style:none;background:#23304b;color:#ffffff;border-color:#333333;\"><i class=\"icomoon-the7-font-the7-arrow-09\" ><\/i><\/div><div class=\"icon_description\" id=\"Info-list-wrap-5686\" style=\"font-size:10px;\"><div class=\"icon_description_text ult-responsive\"  data-ultimate-target='#Info-list-wrap-5686 .icon_description_text'  data-responsive-json-new='{\"font-size\":\"desktop:15px;\",\"line-height\":\"desktop:0px;\"}'  style=\"font-weight:bold;color:#ffffff;\"><p><a style=\"color: #ffffff; text-decoration: none;\" href=\"http:\/\/www.ofimatica.pe\/ofimatica\/?page_id=4347\">Cableado estructurado<\/a><\/p>\n<\/div><\/div><div class=\"icon_list_connector\"  style=\"border-right-width: 1px;border-right-style: dashed;border-color: #ffffff;\"><\/div><\/li><\/ul><\/div>[\/vc_column][vc_column css_animation=\u00bbfadeInUpBig\u00bb offset=\u00bbvc_col-lg-offset-0 vc_col-lg-4 vc_col-md-offset-0 vc_col-md-4 vc_col-sm-offset-0&#8243; css=\u00bb.vc_custom_1632505282739{padding-top: 50px !important;padding-bottom: 30px !important;}\u00bb]<div id=\"ultimate-heading-563269f5186c71db1\" class=\"uvc-heading ult-adjust-bottom-margin ultimate-heading-563269f5186c71db1 uvc-9925 \" data-hspacer=\"no_spacer\"  data-halign=\"center\" style=\"text-align:center\"><div class=\"uvc-heading-spacer no_spacer\" style=\"top\"><\/div><div class=\"uvc-main-heading ult-responsive\"  data-ultimate-target='.uvc-heading.ultimate-heading-563269f5186c71db1 h2'  data-responsive-json-new='{\"font-size\":\"desktop:24px;\",\"line-height\":\"desktop:34px;\"}' ><h2 style=\"font-weight:bold;color:#ffffff;\">+51 940 476 870<\/h2><\/div><div class=\"uvc-sub-heading ult-responsive\"  data-ultimate-target='.uvc-heading.ultimate-heading-563269f5186c71db1 .uvc-sub-heading '  data-responsive-json-new='{\"font-size\":\"desktop:20px;\",\"line-height\":\"desktop:30px;\"}'  style=\"font-weight:normal;color:#ffffff;margin-bottom:30px;\"><\/p>\n<p><i class=\"icomoon-the7-font-the7-mail-01\"><\/i> info@ofimatica.pe<\/p>\n<p><\/div><\/div><style type=\"text\/css\" data-type=\"the7_shortcodes-inline-css\">#default-btn-aa5b05b18531bd38204f103a20e122a7 {\n  border-radius: 100px;\n  font-size: 16px;\n  line-height: 18px;\n}\n.btn-shadow#default-btn-aa5b05b18531bd38204f103a20e122a7 {\n  box-shadow: 0 1px 6px rgba(0,0,0,0.12);\n  transition: box-shadow 0.2s ease-out, opacity 0.45s;\n}\n.btn-shadow#default-btn-aa5b05b18531bd38204f103a20e122a7:hover {\n  box-shadow: 0 5px 11px 0 rgba(0,0,0,0.18), 0 4px 15px 0 rgba(0,0,0,0.15);\n}\n.btn-3d#default-btn-aa5b05b18531bd38204f103a20e122a7:hover {\n  box-shadow: 0px 2px 0px 0px rgba(224,224,224,0.05);\n}\n.btn-flat#default-btn-aa5b05b18531bd38204f103a20e122a7 {\n  box-shadow: none;\n}\n.btn-flat#default-btn-aa5b05b18531bd38204f103a20e122a7:hover {\n  box-shadow: none;\n}\n#default-btn-aa5b05b18531bd38204f103a20e122a7.ico-right-side > i {\n  margin-right: 0px;\n  margin-left: 8px;\n}\n#default-btn-aa5b05b18531bd38204f103a20e122a7 > i {\n  margin-right: 8px;\n  font-size: 16px;\n}\n#default-btn-aa5b05b18531bd38204f103a20e122a7:not(:hover) {\n  border-width: 3px;\n  border-color: rgba(255,255,255,0.3) !important;\n  color: #ffffff;\n  background: none !important;\n  padding: 16px 10px 16px 10px;\n}\n#default-btn-aa5b05b18531bd38204f103a20e122a7:not(:hover) * {\n  color: #ffffff;\n}\n#default-btn-aa5b05b18531bd38204f103a20e122a7:hover {\n  border-width: 3px;\n  border-color: rgba(255,255,255,0.45) !important;\n  color: #ffffff;\n  background: rgba(255,255,255,0.05) !important;\n  padding: 16px 10px 16px 10px;\n}\n#default-btn-aa5b05b18531bd38204f103a20e122a7:hover * {\n  color: #ffffff;\n}\n#default-btn-aa5b05b18531bd38204f103a20e122a7.ico-right-side > i {\n  margin-right: 0px;\n  margin-left: 8px;\n}\n#default-btn-aa5b05b18531bd38204f103a20e122a7 > i {\n  margin-right: 8px;\n}\n#default-btn-aa5b05b18531bd38204f103a20e122a7 * {\n  vertical-align: middle;\n}\n<\/style><div class=\"btn-align-center\"><a href=\"http:\/\/www.ofimatica.pe\/ofimatica\/?page_id=4834\" class=\"default-btn-shortcode dt-btn link-hover-off ico-right-side btn-flat \" id=\"default-btn-aa5b05b18531bd38204f103a20e122a7\" style=\"width:240px;\" title=\"Contacto\"><span>Cont\u00e1ctanos<\/span><i class=\"fas fa-pen\"><\/i><\/a><\/div>[\/vc_column][\/vc_row]<\/p>\n","protected":false},"excerpt":{"rendered":"<p>[vc_row full_width=\u00bbstretch_row\u00bb css_animation=\u00bbfadeInDown\u00bb bg_type=\u00bbimage\u00bb parallax_style=\u00bbvcpb-default\u00bb bg_image_new=\u00bbid^4830|url^http:\/\/www.ofimatica.pe\/ofimatica\/wp-content\/uploads\/2021\/08\/ofimatica-cabecera-persona-cableado.jpg|caption^null|alt^null|title^ofimatica-cabecera-persona-cableado|description^null\u00bb bg_image_repeat=\u00bbno-repeat\u00bb bg_image_size=\u00bbinitial\u00bb enable_overlay=\u00bbenable_overlay_value\u00bb overlay_color=\u00bbrgba(50,65,101,0.64)\u00bb overlay_pattern=\u00bb07.png\u00bb seperator_enable=\u00bbseperator_enable_value\u00bb seperator_type=\u00bbtilt_left_seperator\u00bb seperator_position=\u00bbbottom_seperator\u00bb seperator_svg_height=\u00bb60&#8243; seperator_shape_background=\u00bb#ffffff\u00bb css=\u00bb.vc_custom_1633045174264{padding-top: 120px !important;padding-bottom: 120px !important;}\u00bb][vc_column][vc_custom_heading text=\u00bbEMPRESA\u00bb font_container=\u00bbtag:h1|font_size:50|text_align:left|color:%23ffffff|line_height:1&#8243; use_theme_fonts=\u00bbyes\u00bb css_animation=\u00bbfadeInLeft\u00bb][\/vc_column][\/vc_row][vc_row content_placement=\u00bbmiddle\u00bb css_animation=\u00bbfadeIn\u00bb bg_type=\u00bbgrad\u00bb bg_override=\u00bbfull\u00bb css=\u00bb.vc_custom_1624926539506{margin-top: 0px !important;padding-top: 0px !important;padding-bottom: 50px !important;}\u00bb bg_grad=\u00bbbackground: -webkit-gradient(linear, left top, left bottom, color-stop(0%, #FFFFFF), color-stop(31%, #FCFCFC), color-stop(61%, #F5F5F5), color-stop(97%, #F0F0F0));background: -moz-linear-gradient(top,#FFFFFF 0%,#FCFCFC 31%,#F5F5F5 61%,#F0F0F0 97%);background:&hellip;<\/p>\n","protected":false},"author":1,"featured_media":0,"parent":0,"menu_order":10,"comment_status":"closed","ping_status":"closed","template":"","meta":{"inline_featured_image":false},"class_list":["post-4024","page","type-page","status-publish","hentry","description-off"],"_links":{"self":[{"href":"https:\/\/ofimatica.pe\/ofimatica\/wp-json\/wp\/v2\/pages\/4024","targetHints":{"allow":["GET"]}}],"collection":[{"href":"https:\/\/ofimatica.pe\/ofimatica\/wp-json\/wp\/v2\/pages"}],"about":[{"href":"https:\/\/ofimatica.pe\/ofimatica\/wp-json\/wp\/v2\/types\/page"}],"author":[{"embeddable":true,"href":"https:\/\/ofimatica.pe\/ofimatica\/wp-json\/wp\/v2\/users\/1"}],"replies":[{"embeddable":true,"href":"https:\/\/ofimatica.pe\/ofimatica\/wp-json\/wp\/v2\/comments?post=4024"}],"version-history":[{"count":127,"href":"https:\/\/ofimatica.pe\/ofimatica\/wp-json\/wp\/v2\/pages\/4024\/revisions"}],"predecessor-version":[{"id":4989,"href":"https:\/\/ofimatica.pe\/ofimatica\/wp-json\/wp\/v2\/pages\/4024\/revisions\/4989"}],"wp:attachment":[{"href":"https:\/\/ofimatica.pe\/ofimatica\/wp-json\/wp\/v2\/media?parent=4024"}],"curies":[{"name":"wp","href":"https:\/\/api.w.org\/{rel}","templated":true}]}}