{"id":4846,"date":"2021-08-19T22:38:48","date_gmt":"2021-08-20T03:38:48","guid":{"rendered":"http:\/\/localhost\/ofimatica2\/?page_id=4846"},"modified":"2021-10-15T01:21:20","modified_gmt":"2021-10-15T06:21:20","slug":"confidencialidad","status":"publish","type":"page","link":"https:\/\/ofimatica.pe\/ofimatica\/confidencialidad\/","title":{"rendered":"Confidencialidad"},"content":{"rendered":"<p>[vc_row full_width=\u00bbstretch_row\u00bb css_animation=\u00bbfadeInDown\u00bb bg_type=\u00bbimage\u00bb parallax_style=\u00bbvcpb-default\u00bb bg_image_new=\u00bbid^4851|url^http:\/\/localhost\/ofimatica2\/wp-content\/uploads\/2021\/08\/ofimatica-confidencialidad-cabecera-min.jpg|caption^null|alt^null|title^ofimatica-confidencialidad-cabecera-min|description^null\u00bb bg_image_repeat=\u00bbno-repeat\u00bb bg_image_size=\u00bbinitial\u00bb enable_overlay=\u00bbenable_overlay_value\u00bb overlay_color=\u00bbrgba(50,65,101,0.64)\u00bb overlay_pattern=\u00bb07.png\u00bb seperator_enable=\u00bbseperator_enable_value\u00bb seperator_type=\u00bbtilt_left_seperator\u00bb seperator_position=\u00bbbottom_seperator\u00bb seperator_svg_height=\u00bb60&#8243; seperator_shape_background=\u00bb#ffffff\u00bb css=\u00bb.vc_custom_1629432680977{padding-top: 120px !important;padding-bottom: 120px !important;}\u00bb][vc_column css_animation=\u00bbfadeInDown\u00bb]<div id=\"ultimate-heading-634569f517cd5ba72\" class=\"uvc-heading ult-adjust-bottom-margin ultimate-heading-634569f517cd5ba72 uvc-3768  uvc-heading-default-font-sizes\" data-hspacer=\"no_spacer\"  data-halign=\"left\" style=\"text-align:left\"><div class=\"uvc-heading-spacer no_spacer\" style=\"top\"><\/div><div class=\"uvc-sub-heading ult-responsive\"  data-ultimate-target='.uvc-heading.ultimate-heading-634569f517cd5ba72 .uvc-sub-heading '  data-responsive-json-new='{\"font-size\":\"desktop:30px;\",\"line-height\":\"\"}'  style=\"font-weight:normal;color:#ffffff;margin-bottom:10px;\">ACUERDO DE<\/div><\/div>[vc_custom_heading text=\u00bbCONFIDENCIALIDAD\u00bb font_container=\u00bbtag:h1|font_size:55|text_align:left|color:%23ffffff|line_height:1&#8243; use_theme_fonts=\u00bbyes\u00bb css_animation=\u00bbfadeInLeftBig\u00bb][\/vc_column][\/vc_row][vc_row full_width=\u00bbstretch_row\u00bb content_placement=\u00bbmiddle\u00bb css_animation=\u00bbfadeIn\u00bb bg_type=\u00bbgrad\u00bb bg_override=\u00bbfull\u00bb seperator_enable=\u00bbseperator_enable_value\u00bb seperator_type=\u00bbtilt_right_seperator\u00bb seperator_position=\u00bbbottom_seperator\u00bb seperator_svg_height=\u00bb60&#8243; seperator_shape_background=\u00bb#ffffff\u00bb css=\u00bb.vc_custom_1624941235936{background-color: #e5e5e5 !important;}\u00bb bg_grad=\u00bbbackground: -webkit-gradient(linear, left top, left bottom, color-stop(9%, #FFFFFF), color-stop(41%, #FAFAFA), color-stop(72%, #EDEDED), color-stop(95%, #EBEBEB));background: -moz-linear-gradient(top,#FFFFFF 9%,#FAFAFA 41%,#EDEDED 72%,#EBEBEB 95%);background: -webkit-linear-gradient(top,#FFFFFF 9%,#FAFAFA 41%,#EDEDED 72%,#EBEBEB 95%);background: -o-linear-gradient(top,#FFFFFF 9%,#FAFAFA 41%,#EDEDED 72%,#EBEBEB 95%);background: -ms-linear-gradient(top,#FFFFFF 9%,#FAFAFA 41%,#EDEDED 72%,#EBEBEB 95%);background: linear-gradient(top,#FFFFFF 9%,#FAFAFA 41%,#EDEDED 72%,#EBEBEB 95%);\u00bb][vc_column][vc_row_inner equal_height=\u00bbyes\u00bb content_placement=\u00bbmiddle\u00bb css=\u00bb.vc_custom_1623347884660{padding-top: 80px !important;padding-bottom: 80px !important;}\u00bb][vc_column_inner width=\u00bb1\/2&#8243; css=\u00bb.vc_custom_1629432821869{margin-top: 0px !important;padding-top: 0px !important;background-position: center !important;background-repeat: no-repeat !important;background-size: cover !important;}\u00bb]<div id=\"ultimate-heading-730569f517cd5ba9b\" class=\"uvc-heading ult-adjust-bottom-margin ultimate-heading-730569f517cd5ba9b uvc-923 \" data-hspacer=\"no_spacer\"  data-halign=\"left\" style=\"text-align:left\"><div class=\"uvc-heading-spacer no_spacer\" style=\"top\"><\/div><div class=\"uvc-main-heading ult-responsive\"  data-ultimate-target='.uvc-heading.ultimate-heading-730569f517cd5ba9b h3'  data-responsive-json-new='{\"font-size\":\"desktop:20px;\",\"line-height\":\"\"}' ><h3 style=\"font-weight:bold;color:#9c9c9c;margin-bottom:10px;\">OFIMATICA a su servicio<\/h3><\/div><\/div>[vc_column_text css_animation=\u00bbfadeInRight\u00bb css=\u00bb.vc_custom_1629430937663{padding-top: -80px !important;}\u00bb]<\/p>\n<p style=\"text-align: justify; color: #23304b; line-height: 30px; font-size: 1.2rem;\"><strong>Con nosotros su informaci\u00f3n estar\u00e1 segura.<\/strong><\/p>\n<p>[\/vc_column_text][\/vc_column_inner][vc_column_inner width=\u00bb1\/2&#8243;][vc_column_text css_animation=\u00bbfadeInRight\u00bb]<\/p>\n<p style=\"text-align: justify; color: #7a7979; line-height: 30px; font-size: 1.3rem;\">Ofim\u00e1tica le garantiza que la informaci\u00f3n que nos proporcione solo ser\u00e1 utilizada con fines de evaluar la situaci\u00f3n actual y proponer las mejoras que correspondan. La confidencialidad en la realizaci\u00f3n de nuestro serv\u00edcio (desde la etapa de an\u00e1lisis, hasta la etapa de Dise\u00f1o) es un factor vital que sabemos manejar perfectamente. Nuestro trabajo requiere analizar informaci\u00f3n de vuestra empresa, relacionada \u00fanicamente con los procesos y\/o areas a mejorar.<\/p>\n<p>[\/vc_column_text][\/vc_column_inner][\/vc_row_inner][\/vc_column][\/vc_row][vc_row css=\u00bb.vc_custom_1623289920486{padding-top: 100px !important;padding-bottom: 100px !important;}\u00bb][vc_column width=\u00bb1\/2&#8243;][vc_single_image image=\u00bb4147&#8243; img_size=\u00bb500&#215;464&#8243; css_animation=\u00bbfadeInLeftBig\u00bb][\/vc_column][vc_column css_animation=\u00bbfadeInRightBig\u00bb width=\u00bb1\/2&#8243;]<div id=\"ultimate-heading-724069f517cd5bab3\" class=\"uvc-heading ult-adjust-bottom-margin ultimate-heading-724069f517cd5bab3 uvc-3088 \" data-hspacer=\"no_spacer\"  data-halign=\"center\" style=\"text-align:center\"><div class=\"uvc-heading-spacer no_spacer\" style=\"top\"><\/div><div class=\"uvc-main-heading ult-responsive\"  data-ultimate-target='.uvc-heading.ultimate-heading-724069f517cd5bab3 h2'  data-responsive-json-new='{\"font-size\":\"desktop:60px;\",\"line-height\":\"desktop:50px;\"}' ><h2 style=\"font-weight:bold;color:#a8a8a8;margin-bottom:100px;\">REUN\u00c1MONOS<\/h2><\/div><\/div>\n<div class=\"wpcf7 no-js\" id=\"wpcf7-f8-o1\" lang=\"es-PE\" dir=\"ltr\" data-wpcf7-id=\"8\">\n<div class=\"screen-reader-response\"><p role=\"status\" aria-live=\"polite\" aria-atomic=\"true\"><\/p> <ul><\/ul><\/div>\n<form action=\"\/ofimatica\/wp-json\/wp\/v2\/pages\/4846#wpcf7-f8-o1\" method=\"post\" class=\"wpcf7-form init\" aria-label=\"Contact form\" novalidate=\"novalidate\" data-status=\"init\">\n<div style=\"display: none;\">\n<input type=\"hidden\" name=\"_wpcf7\" value=\"8\" \/>\n<input type=\"hidden\" name=\"_wpcf7_version\" value=\"6.0.6\" \/>\n<input type=\"hidden\" name=\"_wpcf7_locale\" value=\"es_PE\" \/>\n<input type=\"hidden\" name=\"_wpcf7_unit_tag\" value=\"wpcf7-f8-o1\" \/>\n<input type=\"hidden\" name=\"_wpcf7_container_post\" value=\"0\" \/>\n<input type=\"hidden\" name=\"_wpcf7_posted_data_hash\" value=\"\" \/>\n<input type=\"hidden\" name=\"_wpcf7_recaptcha_response\" value=\"\" \/>\n<\/div>\n<p><label> Nombre<br \/>\n<span class=\"wpcf7-form-control-wrap\" data-name=\"your-name\"><input size=\"40\" maxlength=\"400\" class=\"wpcf7-form-control wpcf7-text wpcf7-validates-as-required\" aria-required=\"true\" aria-invalid=\"false\" value=\"\" type=\"text\" name=\"your-name\" \/><\/span> <\/label>\n<\/p>\n<p><label> Email<br \/>\n<span class=\"wpcf7-form-control-wrap\" data-name=\"your-email\"><input size=\"40\" maxlength=\"400\" class=\"wpcf7-form-control wpcf7-email wpcf7-validates-as-required wpcf7-text wpcf7-validates-as-email\" aria-required=\"true\" aria-invalid=\"false\" value=\"\" type=\"email\" name=\"your-email\" \/><\/span> <\/label>\n<\/p>\n<p><label> Tel\u00e9fono<br \/>\n<span class=\"wpcf7-form-control-wrap\" data-name=\"your-telefono\"><input size=\"40\" maxlength=\"400\" class=\"wpcf7-form-control wpcf7-text wpcf7-validates-as-required\" aria-required=\"true\" aria-invalid=\"false\" value=\"\" type=\"text\" name=\"your-telefono\" \/><\/span> <\/label>\n<\/p>\n<p><label> Mensaje<br \/>\n<span class=\"wpcf7-form-control-wrap\" data-name=\"your-message\"><textarea cols=\"40\" rows=\"10\" maxlength=\"2000\" class=\"wpcf7-form-control wpcf7-textarea\" aria-invalid=\"false\" name=\"your-message\"><\/textarea><\/span> <\/label>\n<\/p>\n<p><input class=\"wpcf7-form-control wpcf7-submit has-spinner\" type=\"submit\" value=\"Enviar\" \/>\n<\/p><p style=\"display: none !important;\" class=\"akismet-fields-container\" data-prefix=\"_wpcf7_ak_\"><label>&#916;<textarea name=\"_wpcf7_ak_hp_textarea\" cols=\"45\" rows=\"8\" maxlength=\"100\"><\/textarea><\/label><input type=\"hidden\" id=\"ak_js_1\" name=\"_wpcf7_ak_js\" value=\"193\"\/><script>document.getElementById( \"ak_js_1\" ).setAttribute( \"value\", ( new Date() ).getTime() );<\/script><\/p><div class=\"wpcf7-response-output\" aria-hidden=\"true\"><\/div>\n<\/form>\n<\/div>\n[\/vc_column][\/vc_row][vc_row full_width=\u00bbstretch_row\u00bb equal_height=\u00bbyes\u00bb content_placement=\u00bbtop\u00bb bg_type=\u00bbimage\u00bb parallax_style=\u00bbvcpb-vz-jquery\u00bb bg_image_new=\u00bbid^3970|url^http:\/\/localhost\/ofimatica1\/wp-content\/uploads\/2021\/05\/ofimatica-servicios-suscribete-2.png|caption^null|alt^null|title^ofimatica-servicios-suscribete|description^null\u00bb parallax_sense=\u00bb45&#8243; css=\u00bb.vc_custom_1629436172210{margin-top: 0px !important;padding-top: 0px !important;padding-bottom: 20px !important;}\u00bb][vc_column css_animation=\u00bbnone\u00bb width=\u00bb1\/2&#8243; css=\u00bb.vc_custom_1632505674460{margin-top: 0px !important;padding-top: 50px !important;padding-bottom: 30px !important;}\u00bb offset=\u00bbvc_col-lg-4 vc_col-md-4&#8243;][vc_single_image image=\u00bb4664&#8243; img_size=\u00bb350&#215;206&#8243; alignment=\u00bbcenter\u00bb css_animation=\u00bbfadeIn\u00bb lazy_loading=\u00bbtrue\u00bb el_id=\u00bbfooter_logo_ofimatica\u00bb css=\u00bb.vc_custom_1632505585171{margin-top: 0px !important;padding-top: 0px !important;}\u00bb]<style type=\"text\/css\" data-type=\"the7_shortcodes-inline-css\">\/*\nCannot access file system.\n*\/\n<\/style><div class=\"dt-shortcode-soc-icons  soc-icons-f879432a3e432e00d9eab986207f13ff soc-icons-center \" ><style type=\"text\/css\" data-type=\"the7_shortcodes-inline-css\">\/*\nCannot access file system.\n*\/\n<\/style><a title=\"\" href=\"#\" class=\"fab fa-linkedin-in single-soc-icon-6ef3e16a855ea9d411643ff8e398a431 dt-icon-bg-on dt-icon-border-on dt-icon-hover-border-on dt-icon-hover-bg-on  vc_custom_1626158659941 \" ><i class=\"soc-icon fab fa-linkedin-in\"><\/i><span class=\"screen-reader-text\"><\/span><\/a><style type=\"text\/css\" data-type=\"the7_shortcodes-inline-css\">\/*\nCannot access file system.\n*\/\n<\/style><a title=\"Facebook\" href=\"#\" class=\"facebook single-soc-icon-3560f256354b99c0289978145f33b5d7 dt-icon-bg-on dt-icon-border-on dt-icon-hover-border-on dt-icon-hover-bg-on  vc_custom_1626158122366 \" ><i class=\"soc-icon soc-font-icon dt-icon-facebook\"><\/i><span class=\"screen-reader-text\">Facebook<\/span><\/a><\/div>[\/vc_column][vc_column css_animation=\u00bbfadeInDownBig\u00bb width=\u00bb1\/2&#8243; css=\u00bb.vc_custom_1632505258099{padding-top: 50px !important;padding-bottom: 30px !important;}\u00bb offset=\u00bbvc_col-lg-4 vc_col-md-4&#8243;]<div id=\"ultimate-heading-208369f517cd5d06d\" class=\"uvc-heading ult-adjust-bottom-margin ultimate-heading-208369f517cd5d06d uvc-5123 \" data-hspacer=\"no_spacer\"  data-halign=\"left\" style=\"text-align:left\"><div class=\"uvc-heading-spacer no_spacer\" style=\"top\"><\/div><div class=\"uvc-main-heading ult-responsive\"  data-ultimate-target='.uvc-heading.ultimate-heading-208369f517cd5d06d h3'  data-responsive-json-new='{\"font-size\":\"desktop:30px;\",\"line-height\":\"\"}' ><h3 style=\"font-weight:bold;color:#ffffff;margin-bottom:20px;\">Servicios<\/h3><\/div><\/div><div class=\"smile_icon_list_wrap ult_info_list_container ult-adjust-bottom-margin  \"><ul class=\"smile_icon_list left square with_bg\"><li class=\"icon_list_item\" style=\" font-size:30px;\"><div class=\"icon_list_icon\" data-animation=\"\" data-animation-delay=\"03\" style=\"font-size:10px;border-width:1px;border-style:none;background:#23304b;color:#ffffff;border-color:#333333;\"><i class=\"icomoon-the7-font-the7-arrow-09\" ><\/i><\/div><div class=\"icon_description\" id=\"Info-list-wrap-1827\" style=\"font-size:10px;\"><div class=\"icon_description_text ult-responsive\"  data-ultimate-target='#Info-list-wrap-1827 .icon_description_text'  data-responsive-json-new='{\"font-size\":\"desktop:15px;\",\"line-height\":\"desktop:0px;\"}'  style=\"font-weight:bold;color:#ffffff;\"><p><a style=\"color: #ffffff; text-decoration: none;\" href=\"http:\/\/www.ofimatica.pe\/ofimatica\/?page_id=4141\">Mesa de Ayuda<\/a><\/p>\n<\/div><\/div><div class=\"icon_list_connector\"  style=\"border-right-width: 1px;border-right-style: dashed;border-color: #ffffff;\"><\/div><\/li><li class=\"icon_list_item\" style=\" font-size:30px;\"><div class=\"icon_list_icon\" data-animation=\"fadeInLeft\" data-animation-delay=\"03\" style=\"font-size:10px;border-width:1px;border-style:none;background:#23304b;color:#ffffff;border-color:#333333;\"><i class=\"icomoon-the7-font-the7-arrow-09\" ><\/i><\/div><div class=\"icon_description\" id=\"Info-list-wrap-6779\" style=\"font-size:10px;\"><div class=\"icon_description_text ult-responsive\"  data-ultimate-target='#Info-list-wrap-6779 .icon_description_text'  data-responsive-json-new='{\"font-size\":\"desktop:15px;\",\"line-height\":\"desktop:0px;\"}'  style=\"font-weight:bold;color:#ffffff;\"><p><a style=\"color: #ffffff; text-decoration: none;\" href=\"http:\/\/www.ofimatica.pe\/ofimatica\/?page_id=4189\">Hosting de correo corporativo<\/a><\/p>\n<\/div><\/div><div class=\"icon_list_connector\"  style=\"border-right-width: 1px;border-right-style: dashed;border-color: #ffffff;\"><\/div><\/li><li class=\"icon_list_item\" style=\" font-size:30px;\"><div class=\"icon_list_icon\" data-animation=\"fadeInLeft\" data-animation-delay=\"03\" style=\"font-size:10px;border-width:1px;border-style:none;background:#23304b;color:#ffffff;border-color:#333333;\"><i class=\"icomoon-the7-font-the7-arrow-09\" ><\/i><\/div><div class=\"icon_description\" id=\"Info-list-wrap-3986\" style=\"font-size:10px;\"><div class=\"icon_description_text ult-responsive\"  data-ultimate-target='#Info-list-wrap-3986 .icon_description_text'  data-responsive-json-new='{\"font-size\":\"desktop:15px;\",\"line-height\":\"desktop:0px;\"}'  style=\"font-weight:bold;color:#ffffff;\"><p><a style=\"color: #ffffff; text-decoration: none;\" href=\"http:\/\/www.ofimatica.pe\/ofimatica\/?page_id=4296\">Seguridad inform\u00e1tica<\/a><\/p>\n<\/div><\/div><div class=\"icon_list_connector\"  style=\"border-right-width: 1px;border-right-style: dashed;border-color: #ffffff;\"><\/div><\/li><li class=\"icon_list_item\" style=\" font-size:30px;\"><div class=\"icon_list_icon\" data-animation=\"fadeInLeft\" data-animation-delay=\"03\" style=\"font-size:10px;border-width:1px;border-style:none;background:#23304b;color:#ffffff;border-color:#333333;\"><i class=\"icomoon-the7-font-the7-arrow-09\" ><\/i><\/div><div class=\"icon_description\" id=\"Info-list-wrap-6316\" style=\"font-size:10px;\"><div class=\"icon_description_text ult-responsive\"  data-ultimate-target='#Info-list-wrap-6316 .icon_description_text'  data-responsive-json-new='{\"font-size\":\"desktop:15px;\",\"line-height\":\"desktop:0px;\"}'  style=\"font-weight:bold;color:#ffffff;\"><p><a style=\"color: #ffffff; text-decoration: none;\" href=\"http:\/\/www.ofimatica.pe\/ofimatica\/?page_id=4347\">Cableado estructurado<\/a><\/p>\n<\/div><\/div><div class=\"icon_list_connector\"  style=\"border-right-width: 1px;border-right-style: dashed;border-color: #ffffff;\"><\/div><\/li><\/ul><\/div>[\/vc_column][vc_column css_animation=\u00bbfadeInUpBig\u00bb offset=\u00bbvc_col-lg-offset-0 vc_col-lg-4 vc_col-md-offset-0 vc_col-md-4 vc_col-sm-offset-0&#8243; css=\u00bb.vc_custom_1632505282739{padding-top: 50px !important;padding-bottom: 30px !important;}\u00bb]<div id=\"ultimate-heading-183569f517cd5d19a\" class=\"uvc-heading ult-adjust-bottom-margin ultimate-heading-183569f517cd5d19a uvc-191 \" data-hspacer=\"no_spacer\"  data-halign=\"center\" style=\"text-align:center\"><div class=\"uvc-heading-spacer no_spacer\" style=\"top\"><\/div><div class=\"uvc-main-heading ult-responsive\"  data-ultimate-target='.uvc-heading.ultimate-heading-183569f517cd5d19a h2'  data-responsive-json-new='{\"font-size\":\"desktop:24px;\",\"line-height\":\"desktop:34px;\"}' ><h2 style=\"font-weight:bold;color:#ffffff;\">+51 940 476 870<\/h2><\/div><div class=\"uvc-sub-heading ult-responsive\"  data-ultimate-target='.uvc-heading.ultimate-heading-183569f517cd5d19a .uvc-sub-heading '  data-responsive-json-new='{\"font-size\":\"desktop:20px;\",\"line-height\":\"desktop:30px;\"}'  style=\"font-weight:normal;color:#ffffff;margin-bottom:30px;\"><\/p>\n<p><i class=\"icomoon-the7-font-the7-mail-01\"><\/i> info@ofimatica.pe<\/p>\n<p><\/div><\/div><style type=\"text\/css\" data-type=\"the7_shortcodes-inline-css\">\/*\nCannot access file system.\n*\/\n<\/style><div class=\"btn-align-center\"><a href=\"http:\/\/www.ofimatica.pe\/ofimatica\/?page_id=4834\" class=\"default-btn-shortcode dt-btn link-hover-off ico-right-side btn-flat \" id=\"default-btn-aa5b05b18531bd38204f103a20e122a7\" style=\"width:240px;\" title=\"Contacto\"><span>Cont\u00e1ctanos<\/span><i class=\"fas fa-pen\"><\/i><\/a><\/div>[\/vc_column][\/vc_row]<\/p>\n","protected":false},"excerpt":{"rendered":"<p>[vc_row full_width=\u00bbstretch_row\u00bb css_animation=\u00bbfadeInDown\u00bb bg_type=\u00bbimage\u00bb parallax_style=\u00bbvcpb-default\u00bb bg_image_new=\u00bbid^4851|url^http:\/\/localhost\/ofimatica2\/wp-content\/uploads\/2021\/08\/ofimatica-confidencialidad-cabecera-min.jpg|caption^null|alt^null|title^ofimatica-confidencialidad-cabecera-min|description^null\u00bb bg_image_repeat=\u00bbno-repeat\u00bb bg_image_size=\u00bbinitial\u00bb enable_overlay=\u00bbenable_overlay_value\u00bb overlay_color=\u00bbrgba(50,65,101,0.64)\u00bb overlay_pattern=\u00bb07.png\u00bb seperator_enable=\u00bbseperator_enable_value\u00bb seperator_type=\u00bbtilt_left_seperator\u00bb seperator_position=\u00bbbottom_seperator\u00bb seperator_svg_height=\u00bb60&#8243; seperator_shape_background=\u00bb#ffffff\u00bb css=\u00bb.vc_custom_1629432680977{padding-top: 120px !important;padding-bottom: 120px !important;}\u00bb][vc_column css_animation=\u00bbfadeInDown\u00bb][vc_custom_heading text=\u00bbCONFIDENCIALIDAD\u00bb font_container=\u00bbtag:h1|font_size:55|text_align:left|color:%23ffffff|line_height:1&#8243; use_theme_fonts=\u00bbyes\u00bb css_animation=\u00bbfadeInLeftBig\u00bb][\/vc_column][\/vc_row][vc_row full_width=\u00bbstretch_row\u00bb content_placement=\u00bbmiddle\u00bb css_animation=\u00bbfadeIn\u00bb bg_type=\u00bbgrad\u00bb bg_override=\u00bbfull\u00bb seperator_enable=\u00bbseperator_enable_value\u00bb seperator_type=\u00bbtilt_right_seperator\u00bb seperator_position=\u00bbbottom_seperator\u00bb seperator_svg_height=\u00bb60&#8243; seperator_shape_background=\u00bb#ffffff\u00bb css=\u00bb.vc_custom_1624941235936{background-color: #e5e5e5 !important;}\u00bb bg_grad=\u00bbbackground: -webkit-gradient(linear, left top, left bottom, color-stop(9%, #FFFFFF), color-stop(41%, #FAFAFA), color-stop(72%, #EDEDED), color-stop(95%, #EBEBEB));background: -moz-linear-gradient(top,#FFFFFF 9%,#FAFAFA&hellip;<\/p>\n","protected":false},"author":1,"featured_media":0,"parent":0,"menu_order":10,"comment_status":"closed","ping_status":"closed","template":"","meta":{"inline_featured_image":false},"class_list":["post-4846","page","type-page","status-publish","hentry","description-off"],"_links":{"self":[{"href":"https:\/\/ofimatica.pe\/ofimatica\/wp-json\/wp\/v2\/pages\/4846","targetHints":{"allow":["GET"]}}],"collection":[{"href":"https:\/\/ofimatica.pe\/ofimatica\/wp-json\/wp\/v2\/pages"}],"about":[{"href":"https:\/\/ofimatica.pe\/ofimatica\/wp-json\/wp\/v2\/types\/page"}],"author":[{"embeddable":true,"href":"https:\/\/ofimatica.pe\/ofimatica\/wp-json\/wp\/v2\/users\/1"}],"replies":[{"embeddable":true,"href":"https:\/\/ofimatica.pe\/ofimatica\/wp-json\/wp\/v2\/comments?post=4846"}],"version-history":[{"count":8,"href":"https:\/\/ofimatica.pe\/ofimatica\/wp-json\/wp\/v2\/pages\/4846\/revisions"}],"predecessor-version":[{"id":4994,"href":"https:\/\/ofimatica.pe\/ofimatica\/wp-json\/wp\/v2\/pages\/4846\/revisions\/4994"}],"wp:attachment":[{"href":"https:\/\/ofimatica.pe\/ofimatica\/wp-json\/wp\/v2\/media?parent=4846"}],"curies":[{"name":"wp","href":"https:\/\/api.w.org\/{rel}","templated":true}]}}